{"id":10,"date":"2010-05-12T11:41:45","date_gmt":"2010-05-12T09:41:45","guid":{"rendered":"http:\/\/wl31www531.webland.ch\/?page_id=10"},"modified":"2023-06-22T11:11:03","modified_gmt":"2023-06-22T09:11:03","slug":"walzenhauser-biber","status":"publish","type":"page","link":"https:\/\/beckmeyerhans.ch\/web\/backereikonditorei\/walzenhauser-biber\/","title":{"rendered":"Appenzeller Biber"},"content":{"rendered":"<p>Appenzeller Biber sind ein beliebtes Geschenk und werden sehr gesch\u00e4tzt. Somit k\u00f6nnen Sie die feine Mandelf\u00fcllung vom ersten bis zum letzten Biss geniessen! K\u00fchl gelagert sind unsere Biber mehrere Monate haltbar und k\u00f6nnen problemlos verschickt \u00a0werden!<\/p>\n<p>Nicht nur im Appenzellerland ist der Biber ein erfreutes Geschenk. Eine spezielle Idee sind unsere Fotobiber &#8211; Sie k\u00f6nnen Ihren eigenen Biber kreieren! Auch ideal als <span style=\"color: #ff0000;\">Kunden- Weihnachtsgeschenk oder f\u00fcr eine Pr\u00e4sentation mit dem Logo Ihrer Firma <\/span>&#8211; Fragen Sie uns danach.<\/p>\n<p>Die Appenzellerbiber gibt&#8217;s nat\u00fcrlich in jeder beliebigen Gr\u00f6sse &#8211; also ein ideals Geschenk zum mitnehmen.<\/p>\n<p><a href=\"https:\/\/beckmeyerhans.ch\/WEB\/wp-content\/uploads\/2023\/06\/appenzeller_biber_mit_bild.jpg\" data-rel=\"lightbox-gallery-oRWj8IE9\" data-rl_title=\"\" data-rl_caption=\"\" title=\"\"><img loading=\"lazy\" decoding=\"async\" class=\"responsive\" src=\"https:\/\/beckmeyerhans.ch\/WEB\/wp-content\/uploads\/2023\/06\/appenzeller_biber_mit_bild.jpg\" alt=\"\" width=\"990\" height=\"660\" \/><\/a><\/p>\n<p>&nbsp;<\/p>\n<div class=\"row\"><\/div>\n<p><a href=\"http:\/\/wl31www531.webland.ch\/wp-content\/uploads\/2010\/06\/DSC_0169.jpg\" data-rel=\"lightbox-gallery-oRWj8IE9\" data-rl_title=\"\" data-rl_caption=\"\"><img decoding=\"async\" class=\"responsive wp-image-241\" title=\"\" src=\"http:\/\/wl31www531.webland.ch\/wp-content\/uploads\/2010\/06\/DSC_0169.jpg\" alt=\"\" \/><\/a><\/p>\n<p><a href=\"http:\/\/wl31www531.webland.ch\/wp-content\/uploads\/2010\/06\/DSC_0168.jpg\" data-rel=\"lightbox-gallery-oRWj8IE9\" data-rl_title=\"\" data-rl_caption=\"\"><img loading=\"lazy\" decoding=\"async\" class=\"responsive wp-image-242\" title=\"\" src=\"http:\/\/wl31www531.webland.ch\/wp-content\/uploads\/2010\/06\/DSC_0168.jpg\" alt=\"\" width=\"268\" height=\"181\" \/><\/a><\/p>\n<p><a href=\"http:\/\/wl31www531.webland.ch\/wp-content\/uploads\/2010\/06\/DSC_0170.jpg\" data-rel=\"lightbox-gallery-oRWj8IE9\" data-rl_title=\"\" data-rl_caption=\"\"><img decoding=\"async\" class=\"responsive wp-image-243\" title=\"\" src=\"http:\/\/wl31www531.webland.ch\/wp-content\/uploads\/2010\/06\/DSC_0170.jpg\" alt=\"\" \/><\/a><\/p>\n<p><a href=\"https:\/\/beckmeyerhans.ch\/WEB\/wp-content\/uploads\/2023\/06\/DSC_0171-scaled.jpg\" data-rel=\"lightbox-gallery-oRWj8IE9\" data-rl_title=\"\" data-rl_caption=\"\" title=\"\"><img loading=\"lazy\" decoding=\"async\" class=\"responsive\" src=\"https:\/\/beckmeyerhans.ch\/WEB\/wp-content\/uploads\/2023\/06\/DSC_0171-scaled.jpg\" alt=\"\" width=\"2560\" height=\"1593\" \/><\/a><\/p>\n","protected":false},"excerpt":{"rendered":"<p>Appenzeller Biber sind ein beliebtes Geschenk und werden sehr gesch\u00e4tzt. Somit k\u00f6nnen Sie die feine Mandelf\u00fcllung vom ersten bis zum letzten Biss geniessen! K\u00fchl gelagert sind unsere Biber mehrere Monate haltbar und k\u00f6nnen problemlos verschickt \u00a0werden! Nicht nur im Appenzellerland ist der Biber ein erfreutes Geschenk. Eine spezielle Idee sind unsere Fotobiber &#8211; Sie k\u00f6nnen [&hellip;]<\/p>\n","protected":false},"author":1,"featured_media":0,"parent":6,"menu_order":0,"comment_status":"open","ping_status":"closed","template":"TMP_SUB_2LEVEL_NOHERO.php","meta":{"_acf_changed":false,"footnotes":""},"class_list":["post-10","page","type-page","status-publish","hentry"],"acf":[],"_links":{"self":[{"href":"https:\/\/beckmeyerhans.ch\/web\/wp-json\/wp\/v2\/pages\/10","targetHints":{"allow":["GET"]}}],"collection":[{"href":"https:\/\/beckmeyerhans.ch\/web\/wp-json\/wp\/v2\/pages"}],"about":[{"href":"https:\/\/beckmeyerhans.ch\/web\/wp-json\/wp\/v2\/types\/page"}],"author":[{"embeddable":true,"href":"https:\/\/beckmeyerhans.ch\/web\/wp-json\/wp\/v2\/users\/1"}],"replies":[{"embeddable":true,"href":"https:\/\/beckmeyerhans.ch\/web\/wp-json\/wp\/v2\/comments?post=10"}],"version-history":[{"count":7,"href":"https:\/\/beckmeyerhans.ch\/web\/wp-json\/wp\/v2\/pages\/10\/revisions"}],"predecessor-version":[{"id":1283,"href":"https:\/\/beckmeyerhans.ch\/web\/wp-json\/wp\/v2\/pages\/10\/revisions\/1283"}],"up":[{"embeddable":true,"href":"https:\/\/beckmeyerhans.ch\/web\/wp-json\/wp\/v2\/pages\/6"}],"wp:attachment":[{"href":"https:\/\/beckmeyerhans.ch\/web\/wp-json\/wp\/v2\/media?parent=10"}],"curies":[{"name":"wp","href":"https:\/\/api.w.org\/{rel}","templated":true}]}}