{"id":12,"date":"2010-05-12T11:42:06","date_gmt":"2010-05-12T11:42:06","guid":{"rendered":"http:\/\/wl31www531.webland.ch\/?page_id=12"},"modified":"2023-07-18T14:52:48","modified_gmt":"2023-07-18T12:52:48","slug":"portrait","status":"publish","type":"page","link":"https:\/\/beckmeyerhans.ch\/web\/portrait\/","title":{"rendered":"PORTRAIT"},"content":{"rendered":"<h4>Der Tradition und Qualit\u00e4t verpflichtet.<\/h4>\n<p><a href=\"https:\/\/beckmeyerhans.ch\/WEB\/wp-content\/uploads\/2023\/06\/Bildschirm\u00adfoto-2023-06-22-um-10.52.47.png\" data-rel=\"lightbox-gallery-iy5bGUuz\" data-rl_title=\"\" data-rl_caption=\"\" title=\"\"><img loading=\"lazy\" decoding=\"async\" src=\"https:\/\/beckmeyerhans.ch\/WEB\/wp-content\/uploads\/2023\/06\/Bildschirm\u00adfoto-2023-06-22-um-10.52.47.png\" alt=\"\" width=\"1914\" height=\"1336\" class=\"responsive\" \/><\/a><br \/>\n | Restaurant und B\u00e4ckerei Bahnhof um 1910\u00a0\u00a0\u00a0\u00a0<\/p>\n<p>Das Gesch\u00e4ftshaus Bahnhof hat eine mehr als 100 J\u00e4hrige Tradition. So wurde es nach dem Grossbrand im Dorfzentrum vom Jahr 1900, zwei Jahre sp\u00e4ter wieder aufgebaut. Nach der Familie Walser, die das Haus im Jahre 1920 \u00fcbernahm, folgte um 1956 die Familie Keller.<\/p>\n<p>Im Jahre 1962 \u00fcbernahmen Hugo und Margrith Meyerhans die Liegenschaft Bahnhof. Mit viel Einsatz und Freude f\u00fchrten sie den Betrieb und passten ihn immer wieder den neuen Bed\u00fcrfnissen an. So wurde im Jahre 1972 der Dachstock ausgebaut, 1978 der Laden und das Restaurant umgebaut, 1980 die Backstube erneuert und vergr\u00f6ssert, und 1990 die ganze Aussenhaut renoviert.<\/p>\n<p>Seit 1996 steht die Leitung des Betriebes unter Karin und Marcel Meyerhans, die den Betrieb im Sinn und Geist der Eltern weiterf\u00fchren. Im Jahre 2005 wurde das Restaurant den heutigen Bed\u00fcrfnissen angepasst und mit einem Wintergarten um 45 Pl\u00e4tze erweitert. 2013 wurde der Laden\u00a0erneut umgebaut und zeigt sich heute in einem frischen, hellen und freundlichen Ton. Restaurant, Wintergarten und Terrasse bieten eine helle und freundliche Atmosph\u00e4re und laden zum Verweilen ein.<\/p>\n<p>Heute besch\u00e4ftigt die Meyerhans B\u00e4ckerei Konditorei AG insgesamt 13 Mitarbeiter und bietet jungen Berufsleuten in der Produktion sowie im Verkauf \u00a0diverse Ausbildungspl\u00e4tze an.<\/p>\n<p><a href=\"https:\/\/beckmeyerhans.ch\/WEB\/wp-content\/uploads\/2023\/06\/DSC_0002-scaled.jpg\" data-rel=\"lightbox-gallery-iy5bGUuz\" data-rl_title=\"\" data-rl_caption=\"\" title=\"\"><img loading=\"lazy\" decoding=\"async\" src=\"https:\/\/beckmeyerhans.ch\/WEB\/wp-content\/uploads\/2023\/06\/DSC_0002-scaled.jpg\" alt=\"\" width=\"2560\" height=\"1711\" class=\"responsive\" \/><\/a><\/p>\n<p>|B\u00e4ckerei &#038; Restaurant 2023<\/p>\n<p><a href=\"https:\/\/beckmeyerhans.ch\/WEB\/wp-content\/uploads\/2023\/06\/Bildschirm\u00adfoto-2023-06-22-um-10.53.10.png\" data-rel=\"lightbox-gallery-iy5bGUuz\" data-rl_title=\"\" data-rl_caption=\"\" title=\"\"><img loading=\"lazy\" decoding=\"async\" src=\"https:\/\/beckmeyerhans.ch\/WEB\/wp-content\/uploads\/2023\/06\/Bildschirm\u00adfoto-2023-06-22-um-10.53.10.png\" alt=\"\" width=\"1874\" height=\"1318\" class=\"responsive\" \/><\/a><\/p>\n<p>| Walzenhausen um 1920<\/p>\n","protected":false},"excerpt":{"rendered":"<p>Der Tradition und Qualit\u00e4t verpflichtet. | Restaurant und B\u00e4ckerei Bahnhof um 1910\u00a0\u00a0\u00a0\u00a0 Das Gesch\u00e4ftshaus Bahnhof hat eine mehr als 100 J\u00e4hrige Tradition. So wurde es nach dem Grossbrand im Dorfzentrum vom Jahr 1900, zwei Jahre sp\u00e4ter wieder aufgebaut. Nach der Familie Walser, die das Haus im Jahre 1920 \u00fcbernahm, folgte um 1956 die Familie Keller. [&hellip;]<\/p>\n","protected":false},"author":1,"featured_media":1198,"parent":0,"menu_order":10,"comment_status":"open","ping_status":"open","template":"TMP_SUB_2LEVEL_NOHERO.php","meta":{"_acf_changed":false,"footnotes":""},"class_list":["post-12","page","type-page","status-publish","has-post-thumbnail","hentry"],"acf":[],"_links":{"self":[{"href":"https:\/\/beckmeyerhans.ch\/web\/wp-json\/wp\/v2\/pages\/12","targetHints":{"allow":["GET"]}}],"collection":[{"href":"https:\/\/beckmeyerhans.ch\/web\/wp-json\/wp\/v2\/pages"}],"about":[{"href":"https:\/\/beckmeyerhans.ch\/web\/wp-json\/wp\/v2\/types\/page"}],"author":[{"embeddable":true,"href":"https:\/\/beckmeyerhans.ch\/web\/wp-json\/wp\/v2\/users\/1"}],"replies":[{"embeddable":true,"href":"https:\/\/beckmeyerhans.ch\/web\/wp-json\/wp\/v2\/comments?post=12"}],"version-history":[{"count":11,"href":"https:\/\/beckmeyerhans.ch\/web\/wp-json\/wp\/v2\/pages\/12\/revisions"}],"predecessor-version":[{"id":1367,"href":"https:\/\/beckmeyerhans.ch\/web\/wp-json\/wp\/v2\/pages\/12\/revisions\/1367"}],"wp:featuredmedia":[{"embeddable":true,"href":"https:\/\/beckmeyerhans.ch\/web\/wp-json\/wp\/v2\/media\/1198"}],"wp:attachment":[{"href":"https:\/\/beckmeyerhans.ch\/web\/wp-json\/wp\/v2\/media?parent=12"}],"curies":[{"name":"wp","href":"https:\/\/api.w.org\/{rel}","templated":true}]}}