{"id":135,"date":"2010-05-12T11:37:25","date_gmt":"2010-05-12T11:37:25","guid":{"rendered":"http:\/\/wl31www531.webland.ch\/?page_id=2"},"modified":"2026-04-29T09:17:09","modified_gmt":"2026-04-29T07:17:09","slug":"eine-seite","status":"publish","type":"page","link":"https:\/\/beckmeyerhans.ch\/web\/","title":{"rendered":"HOME"},"content":{"rendered":"<p>Willkommen in der B\u00e4ckerei Konditorei Meyerhans AG. Sch\u00f6n Sie bei uns zu haben.<\/p>\n<h5>Hohe Qualit\u00e4t, einwandfreier Service und innovative Produkte &#8211; unsere Philosophie seit \u00fcber 60 Jahren.<\/h5>\n<p>&nbsp;<\/p>\n<h3 style=\"text-align: center;\"><\/h3>\n","protected":false},"excerpt":{"rendered":"<p>Willkommen in der B\u00e4ckerei Konditorei Meyerhans AG. Sch\u00f6n Sie bei uns zu haben. Hohe Qualit\u00e4t, einwandfreier Service und innovative Produkte &#8211; unsere Philosophie seit \u00fcber 60 Jahren. &nbsp;<\/p>\n","protected":false},"author":1,"featured_media":1373,"parent":0,"menu_order":1,"comment_status":"open","ping_status":"open","template":"TMP_INTRO_MENUE.php","meta":{"_acf_changed":false,"footnotes":""},"class_list":["post-135","page","type-page","status-publish","has-post-thumbnail","hentry"],"acf":[],"_links":{"self":[{"href":"https:\/\/beckmeyerhans.ch\/web\/wp-json\/wp\/v2\/pages\/135","targetHints":{"allow":["GET"]}}],"collection":[{"href":"https:\/\/beckmeyerhans.ch\/web\/wp-json\/wp\/v2\/pages"}],"about":[{"href":"https:\/\/beckmeyerhans.ch\/web\/wp-json\/wp\/v2\/types\/page"}],"author":[{"embeddable":true,"href":"https:\/\/beckmeyerhans.ch\/web\/wp-json\/wp\/v2\/users\/1"}],"replies":[{"embeddable":true,"href":"https:\/\/beckmeyerhans.ch\/web\/wp-json\/wp\/v2\/comments?post=135"}],"version-history":[{"count":374,"href":"https:\/\/beckmeyerhans.ch\/web\/wp-json\/wp\/v2\/pages\/135\/revisions"}],"predecessor-version":[{"id":1880,"href":"https:\/\/beckmeyerhans.ch\/web\/wp-json\/wp\/v2\/pages\/135\/revisions\/1880"}],"wp:featuredmedia":[{"embeddable":true,"href":"https:\/\/beckmeyerhans.ch\/web\/wp-json\/wp\/v2\/media\/1373"}],"wp:attachment":[{"href":"https:\/\/beckmeyerhans.ch\/web\/wp-json\/wp\/v2\/media?parent=135"}],"curies":[{"name":"wp","href":"https:\/\/api.w.org\/{rel}","templated":true}]}}