{"id":54,"date":"2010-05-12T13:24:46","date_gmt":"2010-05-12T11:24:46","guid":{"rendered":"http:\/\/wl31www531.webland.ch\/?page_id=54"},"modified":"2023-06-22T10:42:21","modified_gmt":"2023-06-22T08:42:21","slug":"appenzeller-baumnussgipfel-2","status":"publish","type":"page","link":"https:\/\/beckmeyerhans.ch\/web\/backereikonditorei\/appenzeller-baumnussgipfel-2\/","title":{"rendered":"Appenzeller Baumnussgipfel"},"content":{"rendered":"<p>Wohl eines der best geh\u00fctetsten Geheimnisse neben dem legend\u00e4ren Appenzeller Alpenbitter und dem Rezept der Appenzeller Kr\u00e4utersulz, ist das Rezept des Orginal Appenzeller Baumnussgipfel. Dieses Feingeb\u00e4ck, macht dem Namen alle Ehre und ist bei jedem Anlass eine beliebte Abwechslung.<\/p>\n<p><a href=\"https:\/\/beckmeyerhans.ch\/WEB\/wp-content\/uploads\/2023\/06\/baumnussgipfel.jpg\" data-rel=\"lightbox-gallery-SOqX58w2\" data-rl_title=\"\" data-rl_caption=\"\" title=\"\"><img loading=\"lazy\" decoding=\"async\" src=\"https:\/\/beckmeyerhans.ch\/WEB\/wp-content\/uploads\/2023\/06\/baumnussgipfel.jpg\" alt=\"\" width=\"990\" height=\"699\" class=\"responsive\" \/><\/a><\/p>\n<p><a href=\"https:\/\/beckmeyerhans.ch\/WEB\/wp-content\/uploads\/2023\/06\/DSC_0174.jpg\" data-rel=\"lightbox-gallery-SOqX58w2\" data-rl_title=\"\" data-rl_caption=\"\" title=\"\"><img loading=\"lazy\" decoding=\"async\" src=\"https:\/\/beckmeyerhans.ch\/WEB\/wp-content\/uploads\/2023\/06\/DSC_0174-scaled.jpg\" alt=\"\" width=\"2560\" height=\"1714\" class=\"responsive\" \/><\/a><\/p>\n","protected":false},"excerpt":{"rendered":"<p>Wohl eines der best geh\u00fctetsten Geheimnisse neben dem legend\u00e4ren Appenzeller Alpenbitter und dem Rezept der Appenzeller Kr\u00e4utersulz, ist das Rezept des Orginal Appenzeller Baumnussgipfel. Dieses Feingeb\u00e4ck, macht dem Namen alle Ehre und ist bei jedem Anlass eine beliebte Abwechslung.<\/p>\n","protected":false},"author":1,"featured_media":0,"parent":6,"menu_order":10,"comment_status":"open","ping_status":"closed","template":"TMP_SUB_2LEVEL_NOHERO.php","meta":{"_acf_changed":false,"footnotes":""},"class_list":["post-54","page","type-page","status-publish","hentry"],"acf":[],"_links":{"self":[{"href":"https:\/\/beckmeyerhans.ch\/web\/wp-json\/wp\/v2\/pages\/54","targetHints":{"allow":["GET"]}}],"collection":[{"href":"https:\/\/beckmeyerhans.ch\/web\/wp-json\/wp\/v2\/pages"}],"about":[{"href":"https:\/\/beckmeyerhans.ch\/web\/wp-json\/wp\/v2\/types\/page"}],"author":[{"embeddable":true,"href":"https:\/\/beckmeyerhans.ch\/web\/wp-json\/wp\/v2\/users\/1"}],"replies":[{"embeddable":true,"href":"https:\/\/beckmeyerhans.ch\/web\/wp-json\/wp\/v2\/comments?post=54"}],"version-history":[{"count":3,"href":"https:\/\/beckmeyerhans.ch\/web\/wp-json\/wp\/v2\/pages\/54\/revisions"}],"predecessor-version":[{"id":1243,"href":"https:\/\/beckmeyerhans.ch\/web\/wp-json\/wp\/v2\/pages\/54\/revisions\/1243"}],"up":[{"embeddable":true,"href":"https:\/\/beckmeyerhans.ch\/web\/wp-json\/wp\/v2\/pages\/6"}],"wp:attachment":[{"href":"https:\/\/beckmeyerhans.ch\/web\/wp-json\/wp\/v2\/media?parent=54"}],"curies":[{"name":"wp","href":"https:\/\/api.w.org\/{rel}","templated":true}]}}