{"id":6,"date":"2010-05-12T11:41:02","date_gmt":"2010-05-12T09:41:02","guid":{"rendered":"http:\/\/wl31www531.webland.ch\/?page_id=6"},"modified":"2023-07-19T11:10:53","modified_gmt":"2023-07-19T09:10:53","slug":"backereikonditorei","status":"publish","type":"page","link":"https:\/\/beckmeyerhans.ch\/web\/backereikonditorei\/","title":{"rendered":"B\u00c4CKEREI \/ KONDITOREI"},"content":{"rendered":"<p>In unserer B\u00e4ckerei stellen wir t\u00e4glich frisch verschiedensten Brotsorten unter dem reinheitsgebot des Naturel Labels \u00a0her:<br \/>\n<a href=\"http:\/\/www.naturel.cc\" target=\"_blank\" rel=\"noopener\"><img loading=\"lazy\" decoding=\"async\" class=\"alignnone size-large wp-image-364\" title=\"Naturel_Logo_JPEG\" src=\"http:\/\/www.beckmeyerhans.ch\/wp-content\/uploads\/2010\/07\/Naturel_Logo_JPEG-576x407.jpg\" alt=\"\" width=\"109\" height=\"67\" \/><\/a><\/p>\n<ul>\n<li>Ruchbrot,Halbweissbrot, Parisette<\/li>\n<li>Bauernbrot, Landbrot. Kernenbrot<\/li>\n<li>Kornspitzbrot, Sonnenblumenkernenbrot<\/li>\n<li>Schraubenbrot<\/li>\n<li>Malzbrot, Vollkornbort oder das s\u00fcssliche Maisbrot.<\/li>\n<\/ul>\n<p>Auch finden Sie Brote mit einer ausgiebigen Teigruhe von \u00fcber 24 Stunden in unserem Sortiment, wie das Pan Pirolle Rustico und das Jubil\u00e4umsbrot ( S\u00e4ntisbrot)\u00a0 sowie die beiden weizenlosen Brote\u00a0 Bio-Dinkelvollkorn und das Ur Dinkelbrot.<\/p>\n<h3>Konditorei<\/h3>\n<p>In unserer Konditorei finden Sie alles was s\u00fcsse Herzen h\u00f6her schlagen l\u00e4sst.<\/p>\n<p>Unsere Produkte werden alle nach strengen Produktionsrichtlinien und gesunden Zutaten produziert. Von Torten \u00fcber Patisserie oder einem Dessertbuffet f\u00fcr Ihr Fest.<\/p>\n<p>Sie sind bei uns bestimmt am richtigen Ort. Fragen Sie uns an &#8211; wir \u00fcberraschen Sie gerne mit exklusiven Ideen und einzigarten Produkten.<\/p>\n<p>Auch Pralinen und Appenzeller Zipfelk\u00e4ppli geh\u00f6ren in unser bekanntes und beliebtes Sortiment &#8211; daneben nat\u00fcrlich je nach Saison Osterhasen, Weihnachtsprodukte oder Neujahrsgr\u00fcsse.<\/p>\n<p>Ebenfalls in der Konditorei hergestellt werden unsere feinen Appenzeller-Biber welche schon mehrere Preise gewonnen haben.<\/p>\n<div class=\"rl-gallery-container \" id=\"rl-gallery-container-1\" data-gallery_id=\"0\"> <div class=\"rl-gallery rl-basicmasonry-gallery \" id=\"rl-gallery-1\" data-gallery_no=\"1\"> <div class=\"rl-gutter-sizer\"><\/div><div class=\"rl-grid-sizer\"><\/div> <div class=\"rl-gallery-item rl-gallery-item-width-4\" > <div class=\"rl-gallery-item-content\"> <a href=\"https:\/\/beckmeyerhans.ch\/web\/wp-content\/uploads\/2023\/06\/bm_0001.jpg\" title=\"\" data-rl_title=\"\" class=\"rl-gallery-link\" data-rl_caption=\"\" data-rel=\"lightbox-gallery-1\"><img loading=\"lazy\" decoding=\"async\" src=\"https:\/\/beckmeyerhans.ch\/web\/wp-content\/uploads\/2023\/06\/bm_0001-300x200.jpg\" width=\"300\" height=\"200\" alt=\"\"\/><\/a> <\/div> <\/div> <div class=\"rl-gallery-item\" > <div class=\"rl-gallery-item-content\"> <a href=\"https:\/\/beckmeyerhans.ch\/web\/wp-content\/uploads\/2023\/06\/bm_0002.jpg\" title=\"\" data-rl_title=\"\" class=\"rl-gallery-link\" data-rl_caption=\"\" data-rel=\"lightbox-gallery-1\"><img loading=\"lazy\" decoding=\"async\" src=\"https:\/\/beckmeyerhans.ch\/web\/wp-content\/uploads\/2023\/06\/bm_0002-300x200.jpg\" width=\"300\" height=\"200\" alt=\"\"\/><\/a> <\/div> <\/div> <div class=\"rl-gallery-item\" > <div class=\"rl-gallery-item-content\"> <a href=\"https:\/\/beckmeyerhans.ch\/web\/wp-content\/uploads\/2023\/06\/bm_0005.jpg\" title=\"\" data-rl_title=\"\" class=\"rl-gallery-link\" data-rl_caption=\"\" data-rel=\"lightbox-gallery-1\"><img loading=\"lazy\" decoding=\"async\" src=\"https:\/\/beckmeyerhans.ch\/web\/wp-content\/uploads\/2023\/06\/bm_0005-300x200.jpg\" width=\"300\" height=\"200\" alt=\"\"\/><\/a> <\/div> <\/div> <div class=\"rl-gallery-item\" > <div class=\"rl-gallery-item-content\"> <a href=\"https:\/\/beckmeyerhans.ch\/web\/wp-content\/uploads\/2023\/06\/bm_0004.jpg\" title=\"\" data-rl_title=\"\" class=\"rl-gallery-link\" data-rl_caption=\"\" data-rel=\"lightbox-gallery-1\"><img loading=\"lazy\" decoding=\"async\" src=\"https:\/\/beckmeyerhans.ch\/web\/wp-content\/uploads\/2023\/06\/bm_0004-300x200.jpg\" width=\"300\" height=\"200\" alt=\"\"\/><\/a> <\/div> <\/div> <div class=\"rl-gallery-item\" > <div class=\"rl-gallery-item-content\"> <a href=\"https:\/\/beckmeyerhans.ch\/web\/wp-content\/uploads\/2023\/06\/bm_0003.jpg\" title=\"\" data-rl_title=\"\" class=\"rl-gallery-link\" data-rl_caption=\"\" data-rel=\"lightbox-gallery-1\"><img loading=\"lazy\" decoding=\"async\" src=\"https:\/\/beckmeyerhans.ch\/web\/wp-content\/uploads\/2023\/06\/bm_0003-300x200.jpg\" width=\"300\" height=\"200\" alt=\"\"\/><\/a> <\/div> <\/div> <\/div> <\/div>\n","protected":false},"excerpt":{"rendered":"<p>In unserer B\u00e4ckerei stellen wir t\u00e4glich frisch verschiedensten Brotsorten unter dem reinheitsgebot des Naturel Labels \u00a0her: Ruchbrot,Halbweissbrot, Parisette Bauernbrot, Landbrot. Kernenbrot Kornspitzbrot, Sonnenblumenkernenbrot Schraubenbrot Malzbrot, Vollkornbort oder das s\u00fcssliche Maisbrot. Auch finden Sie Brote mit einer ausgiebigen Teigruhe von \u00fcber 24 Stunden in unserem Sortiment, wie das Pan Pirolle Rustico und das Jubil\u00e4umsbrot ( S\u00e4ntisbrot)\u00a0 [&hellip;]<\/p>\n","protected":false},"author":1,"featured_media":1375,"parent":0,"menu_order":6,"comment_status":"open","ping_status":"closed","template":"TMP_SUB_2LEVEL.php","meta":{"_acf_changed":false,"footnotes":""},"class_list":["post-6","page","type-page","status-publish","has-post-thumbnail","hentry"],"acf":[],"_links":{"self":[{"href":"https:\/\/beckmeyerhans.ch\/web\/wp-json\/wp\/v2\/pages\/6","targetHints":{"allow":["GET"]}}],"collection":[{"href":"https:\/\/beckmeyerhans.ch\/web\/wp-json\/wp\/v2\/pages"}],"about":[{"href":"https:\/\/beckmeyerhans.ch\/web\/wp-json\/wp\/v2\/types\/page"}],"author":[{"embeddable":true,"href":"https:\/\/beckmeyerhans.ch\/web\/wp-json\/wp\/v2\/users\/1"}],"replies":[{"embeddable":true,"href":"https:\/\/beckmeyerhans.ch\/web\/wp-json\/wp\/v2\/comments?post=6"}],"version-history":[{"count":10,"href":"https:\/\/beckmeyerhans.ch\/web\/wp-json\/wp\/v2\/pages\/6\/revisions"}],"predecessor-version":[{"id":1377,"href":"https:\/\/beckmeyerhans.ch\/web\/wp-json\/wp\/v2\/pages\/6\/revisions\/1377"}],"wp:featuredmedia":[{"embeddable":true,"href":"https:\/\/beckmeyerhans.ch\/web\/wp-json\/wp\/v2\/media\/1375"}],"wp:attachment":[{"href":"https:\/\/beckmeyerhans.ch\/web\/wp-json\/wp\/v2\/media?parent=6"}],"curies":[{"name":"wp","href":"https:\/\/api.w.org\/{rel}","templated":true}]}}