{"id":60,"date":"2010-05-12T13:27:05","date_gmt":"2010-05-12T11:27:05","guid":{"rendered":"http:\/\/wl31www531.webland.ch\/?page_id=60"},"modified":"2023-06-22T11:11:33","modified_gmt":"2023-06-22T09:11:33","slug":"walzenhuuserli","status":"publish","type":"page","link":"https:\/\/beckmeyerhans.ch\/web\/backereikonditorei\/walzenhuuserli\/","title":{"rendered":"Walzenhuuserli"},"content":{"rendered":"<p>Das Walzhuuserli wurde noch von meinem Vater in den 70er Jahren kreiert und erfreut sich auch heute noch gr\u00f6sster beliebtheit. <\/p>\n<p>Diese Schokoladenspezialit\u00e4t aus feinsten Japonaisb\u00f6den und feinster Pralin\u00e9creme begeistert auch die j\u00fcngeren Geniesser. Zudem ist es heute auch m\u00f6glich, diese Spezialit\u00e4t mit einem individuellen Aufdruck herzustellen. Somit eignet sich dieses grosse &#8222;Pralin\u00e9&#8220; ideal als Kundengeschenk oder auch einzeln verpackt als kleines Dankesch\u00f6n f\u00fcr Ihren n\u00e4chsten Familienanlass. Lassen auch Sie sich von dieser Spezialit\u00e4t verzaubern und geniessen Sie bei Ihrem n\u00e4chsten Besuch ein feines &#8222;Walzehuuserli&#8220;.<\/p>\n<p><a href=\"https:\/\/beckmeyerhans.ch\/WEB\/wp-content\/uploads\/2023\/06\/walzenhuuserli1.jpg\" data-rel=\"lightbox-gallery-fyPmHwb9\" data-rl_title=\"\" data-rl_caption=\"\" title=\"\"><img loading=\"lazy\" decoding=\"async\" src=\"https:\/\/beckmeyerhans.ch\/WEB\/wp-content\/uploads\/2023\/06\/walzenhuuserli1.jpg\" alt=\"\" width=\"640\" height=\"220\" class=\"responsive\" \/><\/a><\/p>\n<p><a href=\"https:\/\/beckmeyerhans.ch\/WEB\/wp-content\/uploads\/2023\/06\/DSC_0181.jpg\" data-rel=\"lightbox-gallery-fyPmHwb9\" data-rl_title=\"\" data-rl_caption=\"\" title=\"\"><img loading=\"lazy\" decoding=\"async\" src=\"https:\/\/beckmeyerhans.ch\/WEB\/wp-content\/uploads\/2023\/06\/DSC_0181.jpg\" alt=\"\" width=\"1936\" height=\"1296\" class=\"responsive\" \/><\/a><\/p>\n","protected":false},"excerpt":{"rendered":"<p>Das Walzhuuserli wurde noch von meinem Vater in den 70er Jahren kreiert und erfreut sich auch heute noch gr\u00f6sster beliebtheit. Diese Schokoladenspezialit\u00e4t aus feinsten Japonaisb\u00f6den und feinster Pralin\u00e9creme begeistert auch die j\u00fcngeren Geniesser. Zudem ist es heute auch m\u00f6glich, diese Spezialit\u00e4t mit einem individuellen Aufdruck herzustellen. Somit eignet sich dieses grosse &#8222;Pralin\u00e9&#8220; ideal als Kundengeschenk [&hellip;]<\/p>\n","protected":false},"author":1,"featured_media":0,"parent":6,"menu_order":30,"comment_status":"open","ping_status":"closed","template":"TMP_SUB_2LEVEL_NOHERO.php","meta":{"_acf_changed":false,"footnotes":""},"class_list":["post-60","page","type-page","status-publish","hentry"],"acf":[],"_links":{"self":[{"href":"https:\/\/beckmeyerhans.ch\/web\/wp-json\/wp\/v2\/pages\/60","targetHints":{"allow":["GET"]}}],"collection":[{"href":"https:\/\/beckmeyerhans.ch\/web\/wp-json\/wp\/v2\/pages"}],"about":[{"href":"https:\/\/beckmeyerhans.ch\/web\/wp-json\/wp\/v2\/types\/page"}],"author":[{"embeddable":true,"href":"https:\/\/beckmeyerhans.ch\/web\/wp-json\/wp\/v2\/users\/1"}],"replies":[{"embeddable":true,"href":"https:\/\/beckmeyerhans.ch\/web\/wp-json\/wp\/v2\/comments?post=60"}],"version-history":[{"count":4,"href":"https:\/\/beckmeyerhans.ch\/web\/wp-json\/wp\/v2\/pages\/60\/revisions"}],"predecessor-version":[{"id":1257,"href":"https:\/\/beckmeyerhans.ch\/web\/wp-json\/wp\/v2\/pages\/60\/revisions\/1257"}],"up":[{"embeddable":true,"href":"https:\/\/beckmeyerhans.ch\/web\/wp-json\/wp\/v2\/pages\/6"}],"wp:attachment":[{"href":"https:\/\/beckmeyerhans.ch\/web\/wp-json\/wp\/v2\/media?parent=60"}],"curies":[{"name":"wp","href":"https:\/\/api.w.org\/{rel}","templated":true}]}}