{"id":67,"date":"2010-05-12T13:44:11","date_gmt":"2010-05-12T11:44:11","guid":{"rendered":"http:\/\/wl31www531.webland.ch\/?page_id=67"},"modified":"2023-06-22T10:24:07","modified_gmt":"2023-06-22T08:24:07","slug":"fur-familienanlasse","status":"publish","type":"page","link":"https:\/\/beckmeyerhans.ch\/web\/caferestaurantbahnhofwalzenhausen\/fur-familienanlasse\/","title":{"rendered":"Familien- &#038; Firmenanl\u00e4sse"},"content":{"rendered":"<p>Unser Restaurant eignet sich hervorragend f\u00fcr Firmenanl\u00e4sse, so steht Ihnen auch ein Grossbildschirm\u00a0f\u00fcr die Pr\u00e4sentation von Filmen oder Pr\u00e4sentationen zur<br \/>\nfreien Verf\u00fcgung.<\/p>\n<p>Aber auchFamilenanl\u00e4sse, wie Geburtstag, Konfirmationen\u00a0oder Hochzeiten, sind bei uns keine seltenheit. So geben wir uns auch immer besonders M\u00fche, den Saal nach Ihren W\u00fcnschen zu gestalten und zu dekorieren.<\/p>\n<p>Vereine finden sich bei uns immer wieder zu Hauptversammlungen, Kl\u00e4usler und dergleichen ein und geniessen das besonder Ambiente in unserm Wintergarten.<\/p>\n<div class=\"row\">\n<div class=\"col-lg-4\"><a href=\"http:\/\/wl31www531.webland.ch\/wp-content\/uploads\/2010\/06\/PICT0372.jpg\" data-rel=\"lightbox-gallery-ub8l82pj\" data-rl_title=\"\" data-rl_caption=\"\"><img decoding=\"async\" class=\"responsive\" title=\"\" src=\"http:\/\/wl31www531.webland.ch\/wp-content\/uploads\/2010\/06\/PICT0372.jpg\" alt=\"\"  \/><\/a><\/div>\n<div class=\"col-lg-8\"><a href=\"http:\/\/wl31www531.webland.ch\/wp-content\/uploads\/2010\/06\/DSC_0554.jpg\" data-rel=\"lightbox-gallery-ub8l82pj\" data-rl_title=\"\" data-rl_caption=\"\"><img decoding=\"async\" class=\"responsive\" title=\"\" src=\"http:\/\/wl31www531.webland.ch\/wp-content\/uploads\/2010\/06\/DSC_0554.jpg\"  \/><\/a><\/div>\n<\/div>\n","protected":false},"excerpt":{"rendered":"<p>Unser Restaurant eignet sich hervorragend f\u00fcr Firmenanl\u00e4sse, so steht Ihnen auch ein Grossbildschirm\u00a0f\u00fcr die Pr\u00e4sentation von Filmen oder Pr\u00e4sentationen zur freien Verf\u00fcgung. Aber auchFamilenanl\u00e4sse, wie Geburtstag, Konfirmationen\u00a0oder Hochzeiten, sind bei uns keine seltenheit. So geben wir uns auch immer besonders M\u00fche, den Saal nach Ihren W\u00fcnschen zu gestalten und zu dekorieren. Vereine finden sich bei [&hellip;]<\/p>\n","protected":false},"author":1,"featured_media":0,"parent":136,"menu_order":0,"comment_status":"open","ping_status":"closed","template":"TMP_SUB_2LEVEL_NOHERO.php","meta":{"_acf_changed":false,"footnotes":""},"class_list":["post-67","page","type-page","status-publish","hentry"],"acf":[],"_links":{"self":[{"href":"https:\/\/beckmeyerhans.ch\/web\/wp-json\/wp\/v2\/pages\/67","targetHints":{"allow":["GET"]}}],"collection":[{"href":"https:\/\/beckmeyerhans.ch\/web\/wp-json\/wp\/v2\/pages"}],"about":[{"href":"https:\/\/beckmeyerhans.ch\/web\/wp-json\/wp\/v2\/types\/page"}],"author":[{"embeddable":true,"href":"https:\/\/beckmeyerhans.ch\/web\/wp-json\/wp\/v2\/users\/1"}],"replies":[{"embeddable":true,"href":"https:\/\/beckmeyerhans.ch\/web\/wp-json\/wp\/v2\/comments?post=67"}],"version-history":[{"count":4,"href":"https:\/\/beckmeyerhans.ch\/web\/wp-json\/wp\/v2\/pages\/67\/revisions"}],"predecessor-version":[{"id":1224,"href":"https:\/\/beckmeyerhans.ch\/web\/wp-json\/wp\/v2\/pages\/67\/revisions\/1224"}],"up":[{"embeddable":true,"href":"https:\/\/beckmeyerhans.ch\/web\/wp-json\/wp\/v2\/pages\/136"}],"wp:attachment":[{"href":"https:\/\/beckmeyerhans.ch\/web\/wp-json\/wp\/v2\/media?parent=67"}],"curies":[{"name":"wp","href":"https:\/\/api.w.org\/{rel}","templated":true}]}}